{"id":6,"date":"2020-06-04T08:45:09","date_gmt":"2020-06-04T08:45:09","guid":{"rendered":"http:\/\/sw-themes.com\/porto_dummy\/elementor\/business-consulting2\/?page_id=6"},"modified":"2023-08-15T02:27:04","modified_gmt":"2023-08-15T02:27:04","slug":"meet-our-founder","status":"publish","type":"page","link":"https:\/\/www.ankhconsulting.ca\/fr\/meet-our-founder\/","title":{"rendered":"Rencontrez notre fondateur"},"content":{"rendered":"<div data-elementor-type=\"wp-page\" data-elementor-id=\"6\" class=\"elementor elementor-6\" data-elementor-settings=\"[]\">\n\t\t\t\t\t\t\t<div class=\"elementor-section-wrap\">\n\t\t\t\t\t\t\t<section class=\"elementor-section elementor-top-section elementor-element elementor-element-68ff310 pt-lg-5 pb-lg-4 my-5 elementor-section-boxed elementor-section-height-default elementor-section-height-default\" data-id=\"68ff310\" data-element_type=\"section\">\r\n\t\t\t\r\n\t\t\t\t\t\t\t\t\t<div class=\"elementor-container elementor-column-gap-default\">\r\n\t\t\t\t\t\t\t\t\t\t\t<div class=\"elementor-column elementor-col-50 elementor-top-column elementor-element elementor-element-594e2d0 col-coaching-consulting-imgs elementor-invisible\" data-id=\"594e2d0\" data-element_type=\"column\" data-settings=\"{&quot;animation&quot;:&quot;fadeIn&quot;,&quot;animation_delay&quot;:200,&quot;background_background&quot;:&quot;classic&quot;}\">\n\t\t\t<div class=\"elementor-widget-wrap elementor-element-populated\">\n\t\t\t\t\t\t\t\t<div class=\"elementor-element elementor-element-2ee6878 elementor-widget elementor-widget-image\" data-id=\"2ee6878\" data-element_type=\"widget\" data-widget_type=\"image.default\">\n\t\t\t\t<div class=\"elementor-widget-container\">\n\t\t\t\t\t\t\t\t\t\t\t\t\t\t\t<img width=\"684\" height=\"1024\" src=\"https:\/\/www.ankhconsulting.ca\/wp-content\/uploads\/2021\/08\/WhatsApp-Image-2021-08-23-at-8.27.57-AM.jpeg\" class=\"attachment-full size-full\" alt=\"Christine Ebrahim\" decoding=\"async\" loading=\"lazy\" srcset=\"https:\/\/www.ankhconsulting.ca\/wp-content\/uploads\/2021\/08\/WhatsApp-Image-2021-08-23-at-8.27.57-AM.jpeg 684w, https:\/\/www.ankhconsulting.ca\/wp-content\/uploads\/2021\/08\/WhatsApp-Image-2021-08-23-at-8.27.57-AM-600x898.jpeg 600w, https:\/\/www.ankhconsulting.ca\/wp-content\/uploads\/2021\/08\/WhatsApp-Image-2021-08-23-at-8.27.57-AM-640x958.jpeg 640w, https:\/\/www.ankhconsulting.ca\/wp-content\/uploads\/2021\/08\/WhatsApp-Image-2021-08-23-at-8.27.57-AM-400x599.jpeg 400w, https:\/\/www.ankhconsulting.ca\/wp-content\/uploads\/2021\/08\/WhatsApp-Image-2021-08-23-at-8.27.57-AM-367x549.jpeg 367w\" sizes=\"(max-width: 684px) 100vw, 684px\" \/>\t\t\t\t\t\t\t\t\t\t\t\t\t\t\t<\/div>\n\t\t\t\t<\/div>\n\t\t\t\t<div class=\"elementor-element elementor-element-a108081 elementor-widget elementor-widget-heading\" data-id=\"a108081\" data-element_type=\"widget\" data-widget_type=\"heading.default\">\n\t\t\t\t<div class=\"elementor-widget-container\">\n\t\t\t<h5 class=\"elementor-heading-title elementor-size-default\"><a href=\"https:\/\/eriniphotography.com\/\" target=\"_blank\">Cr\u00e9dit : Erini Photography<\/a><\/h5>\t\t<\/div>\n\t\t\t\t<\/div>\n\t\t\t\t\t<\/div>\n\t\t<\/div>\n\t\t\t\t<div class=\"elementor-column elementor-col-50 elementor-top-column elementor-element elementor-element-342da9a\" data-id=\"342da9a\" data-element_type=\"column\">\n\t\t\t<div class=\"elementor-widget-wrap elementor-element-populated\">\n\t\t\t\t\t\t\t\t<div class=\"elementor-element elementor-element-b28c49d elementor-widget-divider--view-line_text elementor-widget-divider--element-align-right mb-1 elementor-invisible elementor-widget elementor-widget-divider\" data-id=\"b28c49d\" data-element_type=\"widget\" data-settings=\"{&quot;_animation&quot;:&quot;fadeInLeft&quot;,&quot;_animation_delay&quot;:100}\" data-widget_type=\"divider.default\">\n\t\t\t\t<div class=\"elementor-widget-container\">\n\t\t\t\t\t<div class=\"elementor-divider\">\n\t\t\t<span class=\"elementor-divider-separator\">\n\t\t\t\t\t\t\t<span class=\"elementor-divider__text elementor-divider__element\">Rencontrez notre fondateur<\/span>\n\t\t\t\t\t\t<\/span>\n\t\t<\/div>\n\t\t\t\t<\/div>\n\t\t\t\t<\/div>\n\t\t\t\t<div class=\"elementor-element elementor-element-2f0d895 mb-4 pb-2 elementor-invisible elementor-widget elementor-widget-porto_ultimate_heading\" data-id=\"2f0d895\" data-element_type=\"widget\" data-settings=\"{&quot;_animation&quot;:&quot;fadeInLeft&quot;,&quot;_animation_delay&quot;:300}\" data-widget_type=\"porto_ultimate_heading.default\">\n\t\t\t\t<div class=\"elementor-widget-container\">\n\t\t\t<div class=\"porto-u-heading\" data-hspacer=\"no_spacer\" data-halign=\"left\" style=\"text-align:left\"><div class=\"porto-u-main-heading\"><h2  style=\"margin-bottom: 1.5rem;\">Christine Ebrahim<\/h2><\/div><div class=\"porto-u-sub-heading\" style=\"\"><p class=\" translation-block\">Christine Ebrahim, femme dynamique, authentique et compatissante, formatrice et entrepreneuse, est convaincue qu'il y a une place dans ce monde pour que chacun puisse s'\u00e9panouir et vivre sa vie authentique. L'ankh \u00e9tait utilis\u00e9 \u00e0 l'\u00e9poque pharaonique pour symboliser la vie. Vous l'aurez peut-\u00eatre devin\u00e9, Christine est d'origine \u00e9gyptienne et est fascin\u00e9e par la vie cosmopolite qui r\u00e9gnait dans sa ville natale, Alexandrie.<\/p><p class=\" translation-block\">L'amour de Christine pour les rencontres, les voyages, la diversit\u00e9 et l'authenticit\u00e9 l'a amen\u00e9e \u00e0 fonder l'ACI. Sa propre exp\u00e9rience des luttes d'appartenance dans son pays d'adoption, le Canada, l'a pouss\u00e9e \u00e0 faire partie de la solution aux difficult\u00e9s d'inclusion et de racisme.<\/p><p>Elle est fi\u00e8re d'avoir sign\u00e9 son premier contrat en \u00e9quit\u00e9, diversit\u00e9 et inclusion avec l'Universit\u00e9 McGill, en 2021. Depuis, elle aide plusieurs organisations \u00e0 \u00eatre plus inclusives et \u00e0 transformer leur milieu de travail.<\/p><p>Christine a travaill\u00e9 comme diplomate canadienne pendant plus de six ans et a eu la chance de travailler en Iran, au Portugal et en Arabie Saoudite. Elle a \u00e9galement travaill\u00e9 pour d'autres minist\u00e8res f\u00e9d\u00e9raux et a apport\u00e9 son soutien \u00e0 la division de l'\u00e9quit\u00e9 en milieu de travail \u00e0 Emploi et D\u00e9veloppement social Canada. Elle aime apprendre des langues pour mieux communiquer avec ceux qu'elle rencontre et en ma\u00eetrise trois : L'anglais, le fran\u00e7ais et l'arabe. Elle apprend actuellement le kinyarwanda.<\/p><p class=\" translation-block\">Elle est connue pour \u00eatre une penseuse profonde, une communicatrice forte et une personne \u00e9motionnellement intelligente qui cherche \u00e0 contribuer \u00e0 un monde divis\u00e9 en cr\u00e9ant des ponts, en faisant preuve de compassion et en construisant des environnements inclusifs. Elle est titulaire d'une ma\u00eetrise en affaires publiques et internationales de l'Universit\u00e9 York et d'une certification Project Management Professional du Project Management Institute.<\/p><\/div><\/div>\t\t<\/div>\n\t\t\t\t<\/div>\n\t\t\t\t\t<\/div>\n\t\t<\/div>\n\t\t\t\t\t\t<\/div>\r\n\t\t\t\t<\/section>\r\n\t\t\t\t\t\t<\/div>\n\t\t\t\t\t<\/div>","protected":false},"excerpt":{"rendered":"<p>Credit: Erini Photography Meet our founder Christine Ebrahim Ankh Consulting International (ACI) was founded by Christine Ebrahim, a dynamic, authentic and compassionate woman, trainer and entrepreneur who believes there is place in this world for everyone to thrive and live their authentic life. The ankh was used in pharaonic times to symbolize life. You might [&hellip;]<\/p>","protected":false},"author":1,"featured_media":0,"parent":0,"menu_order":0,"comment_status":"closed","ping_status":"closed","template":"","meta":[],"aioseo_notices":[],"_links":{"self":[{"href":"https:\/\/www.ankhconsulting.ca\/fr\/wp-json\/wp\/v2\/pages\/6"}],"collection":[{"href":"https:\/\/www.ankhconsulting.ca\/fr\/wp-json\/wp\/v2\/pages"}],"about":[{"href":"https:\/\/www.ankhconsulting.ca\/fr\/wp-json\/wp\/v2\/types\/page"}],"author":[{"embeddable":true,"href":"https:\/\/www.ankhconsulting.ca\/fr\/wp-json\/wp\/v2\/users\/1"}],"replies":[{"embeddable":true,"href":"https:\/\/www.ankhconsulting.ca\/fr\/wp-json\/wp\/v2\/comments?post=6"}],"version-history":[{"count":72,"href":"https:\/\/www.ankhconsulting.ca\/fr\/wp-json\/wp\/v2\/pages\/6\/revisions"}],"predecessor-version":[{"id":1552,"href":"https:\/\/www.ankhconsulting.ca\/fr\/wp-json\/wp\/v2\/pages\/6\/revisions\/1552"}],"wp:attachment":[{"href":"https:\/\/www.ankhconsulting.ca\/fr\/wp-json\/wp\/v2\/media?parent=6"}],"curies":[{"name":"wp","href":"https:\/\/api.w.org\/{rel}","templated":true}]}}